{"id":147,"date":"2019-12-17T15:08:42","date_gmt":"2019-12-17T15:08:42","guid":{"rendered":"https:\/\/ascserviciotecnico.ar\/taladros\/?post_type=product&#038;p=147"},"modified":"2022-11-02T23:29:14","modified_gmt":"2022-11-02T23:29:14","slug":"dremel-8220","status":"publish","type":"product","link":"https:\/\/ascserviciotecnico.ar\/taladros\/producto\/dremel-8220\/","title":{"rendered":"DREMEL 8220"},"content":{"rendered":"","protected":false},"excerpt":{"rendered":"<p>La herramienta rotativa a bater\u00eda Dremel 8220 es potente, robusta y hace todo con la misma precisi\u00f3n y practicidad que las herramientas Dremel que ya conoces. M\u00e1xima fuerza y rendimiento con una bater\u00eda de iones de litio 12V Max y cargador bivolt que permiten que trabajes donde y cuando lo necesites. Su dise\u00f1o ergon\u00f3mico garantiza comodidad total en las aplicaciones.<\/p>\n","protected":false},"featured_media":148,"comment_status":"open","ping_status":"closed","template":"","meta":[],"product_brand":[],"product_cat":[21],"product_tag":[],"class_list":{"0":"post-147","1":"product","2":"type-product","3":"status-publish","4":"has-post-thumbnail","6":"product_cat-dremel","8":"first","9":"instock","10":"shipping-taxable","11":"product-type-simple"},"aioseo_notices":[],"_links":{"self":[{"href":"https:\/\/ascserviciotecnico.ar\/taladros\/wp-json\/wp\/v2\/product\/147","targetHints":{"allow":["GET"]}}],"collection":[{"href":"https:\/\/ascserviciotecnico.ar\/taladros\/wp-json\/wp\/v2\/product"}],"about":[{"href":"https:\/\/ascserviciotecnico.ar\/taladros\/wp-json\/wp\/v2\/types\/product"}],"replies":[{"embeddable":true,"href":"https:\/\/ascserviciotecnico.ar\/taladros\/wp-json\/wp\/v2\/comments?post=147"}],"wp:featuredmedia":[{"embeddable":true,"href":"https:\/\/ascserviciotecnico.ar\/taladros\/wp-json\/wp\/v2\/media\/148"}],"wp:attachment":[{"href":"https:\/\/ascserviciotecnico.ar\/taladros\/wp-json\/wp\/v2\/media?parent=147"}],"wp:term":[{"taxonomy":"product_brand","embeddable":true,"href":"https:\/\/ascserviciotecnico.ar\/taladros\/wp-json\/wp\/v2\/product_brand?post=147"},{"taxonomy":"product_cat","embeddable":true,"href":"https:\/\/ascserviciotecnico.ar\/taladros\/wp-json\/wp\/v2\/product_cat?post=147"},{"taxonomy":"product_tag","embeddable":true,"href":"https:\/\/ascserviciotecnico.ar\/taladros\/wp-json\/wp\/v2\/product_tag?post=147"}],"curies":[{"name":"wp","href":"https:\/\/api.w.org\/{rel}","templated":true}]}}