{"id":145,"date":"2019-12-17T15:07:14","date_gmt":"2019-12-17T15:07:14","guid":{"rendered":"https:\/\/ascserviciotecnico.ar\/taladros\/?post_type=product&#038;p=145"},"modified":"2025-06-12T19:47:04","modified_gmt":"2025-06-12T19:47:04","slug":"dremel-3000","status":"publish","type":"product","link":"https:\/\/ascserviciotecnico.ar\/taladros\/producto\/dremel-3000\/","title":{"rendered":"DREMEL 3000"},"content":{"rendered":"","protected":false},"excerpt":{"rendered":"<p>on la herramienta rotativa Dremel 3000, tienes en tus manos la herramienta perfecta para distintos proyectos. Son 8 diferentes funciones para que puedas trabajar en muchos materiales con la practicidad de solo utilizar una herramienta, cambiando accesorios\u00a0y la velocidad de acuerdo con tu necesidad. \u00a1 Prep\u00e1rate para los desaf\u00edos del d\u00eda a d\u00eda e insp\u00edrate para crear cada vez m\u00e1s!<\/p>\n","protected":false},"featured_media":146,"comment_status":"open","ping_status":"closed","template":"","meta":[],"product_brand":[],"product_cat":[21],"product_tag":[],"class_list":{"0":"post-145","1":"product","2":"type-product","3":"status-publish","4":"has-post-thumbnail","6":"product_cat-dremel","8":"first","9":"instock","10":"shipping-taxable","11":"product-type-simple"},"aioseo_notices":[],"_links":{"self":[{"href":"https:\/\/ascserviciotecnico.ar\/taladros\/wp-json\/wp\/v2\/product\/145","targetHints":{"allow":["GET"]}}],"collection":[{"href":"https:\/\/ascserviciotecnico.ar\/taladros\/wp-json\/wp\/v2\/product"}],"about":[{"href":"https:\/\/ascserviciotecnico.ar\/taladros\/wp-json\/wp\/v2\/types\/product"}],"replies":[{"embeddable":true,"href":"https:\/\/ascserviciotecnico.ar\/taladros\/wp-json\/wp\/v2\/comments?post=145"}],"wp:featuredmedia":[{"embeddable":true,"href":"https:\/\/ascserviciotecnico.ar\/taladros\/wp-json\/wp\/v2\/media\/146"}],"wp:attachment":[{"href":"https:\/\/ascserviciotecnico.ar\/taladros\/wp-json\/wp\/v2\/media?parent=145"}],"wp:term":[{"taxonomy":"product_brand","embeddable":true,"href":"https:\/\/ascserviciotecnico.ar\/taladros\/wp-json\/wp\/v2\/product_brand?post=145"},{"taxonomy":"product_cat","embeddable":true,"href":"https:\/\/ascserviciotecnico.ar\/taladros\/wp-json\/wp\/v2\/product_cat?post=145"},{"taxonomy":"product_tag","embeddable":true,"href":"https:\/\/ascserviciotecnico.ar\/taladros\/wp-json\/wp\/v2\/product_tag?post=145"}],"curies":[{"name":"wp","href":"https:\/\/api.w.org\/{rel}","templated":true}]}}