{"id":143,"date":"2019-12-17T15:05:49","date_gmt":"2019-12-17T15:05:49","guid":{"rendered":"https:\/\/ascserviciotecnico.ar\/taladros\/?post_type=product&#038;p=143"},"modified":"2022-10-12T18:14:44","modified_gmt":"2022-10-12T18:14:44","slug":"sierra-9050-pro","status":"publish","type":"product","link":"https:\/\/ascserviciotecnico.ar\/taladros\/producto\/sierra-9050-pro\/","title":{"rendered":"Sierra 9050 PRO"},"content":{"rendered":"","protected":false},"excerpt":{"rendered":"<p>La soluci\u00f3n ideal para atender los instaladores m\u00e1s exigentes en una amplia variedad de materiales. Potente y pr\u00e1ctica para realizar cortes r\u00e1pidos con terminaci\u00f3n perfectos. La revolucionaria sierra broca de alta rotaci\u00f3n Dremel 9050 PRO corta y perfora con calidad los materiales m\u00e1s duros sin necesidad del agua.<\/p>\n","protected":false},"featured_media":144,"comment_status":"open","ping_status":"closed","template":"","meta":[],"product_brand":[],"product_cat":[21],"product_tag":[],"class_list":{"0":"post-143","1":"product","2":"type-product","3":"status-publish","4":"has-post-thumbnail","6":"product_cat-dremel","8":"first","9":"instock","10":"shipping-taxable","11":"product-type-simple"},"aioseo_notices":[],"_links":{"self":[{"href":"https:\/\/ascserviciotecnico.ar\/taladros\/wp-json\/wp\/v2\/product\/143","targetHints":{"allow":["GET"]}}],"collection":[{"href":"https:\/\/ascserviciotecnico.ar\/taladros\/wp-json\/wp\/v2\/product"}],"about":[{"href":"https:\/\/ascserviciotecnico.ar\/taladros\/wp-json\/wp\/v2\/types\/product"}],"replies":[{"embeddable":true,"href":"https:\/\/ascserviciotecnico.ar\/taladros\/wp-json\/wp\/v2\/comments?post=143"}],"wp:featuredmedia":[{"embeddable":true,"href":"https:\/\/ascserviciotecnico.ar\/taladros\/wp-json\/wp\/v2\/media\/144"}],"wp:attachment":[{"href":"https:\/\/ascserviciotecnico.ar\/taladros\/wp-json\/wp\/v2\/media?parent=143"}],"wp:term":[{"taxonomy":"product_brand","embeddable":true,"href":"https:\/\/ascserviciotecnico.ar\/taladros\/wp-json\/wp\/v2\/product_brand?post=143"},{"taxonomy":"product_cat","embeddable":true,"href":"https:\/\/ascserviciotecnico.ar\/taladros\/wp-json\/wp\/v2\/product_cat?post=143"},{"taxonomy":"product_tag","embeddable":true,"href":"https:\/\/ascserviciotecnico.ar\/taladros\/wp-json\/wp\/v2\/product_tag?post=143"}],"curies":[{"name":"wp","href":"https:\/\/api.w.org\/{rel}","templated":true}]}}