{"id":141,"date":"2019-12-17T15:04:01","date_gmt":"2019-12-17T15:04:01","guid":{"rendered":"https:\/\/ascserviciotecnico.ar\/taladros\/?post_type=product&#038;p=141"},"modified":"2022-11-26T06:27:59","modified_gmt":"2022-11-26T06:27:59","slug":"grabador","status":"publish","type":"product","link":"https:\/\/ascserviciotecnico.ar\/taladros\/producto\/grabador\/","title":{"rendered":"Grabador"},"content":{"rendered":"","protected":false},"excerpt":{"rendered":"<p>a soluci\u00f3n ideal para realizar grabados, porque es peque\u00f1o, pr\u00e1ctico, liviano y muy f\u00e1cil de utilizar.<\/p>\n<p>El grabador Demel dispone de un dise\u00f1o ergon\u00f3mico, que proporciona comodidad al utilizarlo, garantizando resultados perfectos. Adem\u00e1s de su punta de carburo de tungsteno, tambi\u00e9n posee una punta diamantada para grabados en materiales duros y vidrio.<\/p>\n","protected":false},"featured_media":142,"comment_status":"open","ping_status":"closed","template":"","meta":[],"product_brand":[],"product_cat":[21],"product_tag":[],"class_list":{"0":"post-141","1":"product","2":"type-product","3":"status-publish","4":"has-post-thumbnail","6":"product_cat-dremel","8":"first","9":"instock","10":"shipping-taxable","11":"product-type-simple"},"aioseo_notices":[],"_links":{"self":[{"href":"https:\/\/ascserviciotecnico.ar\/taladros\/wp-json\/wp\/v2\/product\/141","targetHints":{"allow":["GET"]}}],"collection":[{"href":"https:\/\/ascserviciotecnico.ar\/taladros\/wp-json\/wp\/v2\/product"}],"about":[{"href":"https:\/\/ascserviciotecnico.ar\/taladros\/wp-json\/wp\/v2\/types\/product"}],"replies":[{"embeddable":true,"href":"https:\/\/ascserviciotecnico.ar\/taladros\/wp-json\/wp\/v2\/comments?post=141"}],"wp:featuredmedia":[{"embeddable":true,"href":"https:\/\/ascserviciotecnico.ar\/taladros\/wp-json\/wp\/v2\/media\/142"}],"wp:attachment":[{"href":"https:\/\/ascserviciotecnico.ar\/taladros\/wp-json\/wp\/v2\/media?parent=141"}],"wp:term":[{"taxonomy":"product_brand","embeddable":true,"href":"https:\/\/ascserviciotecnico.ar\/taladros\/wp-json\/wp\/v2\/product_brand?post=141"},{"taxonomy":"product_cat","embeddable":true,"href":"https:\/\/ascserviciotecnico.ar\/taladros\/wp-json\/wp\/v2\/product_cat?post=141"},{"taxonomy":"product_tag","embeddable":true,"href":"https:\/\/ascserviciotecnico.ar\/taladros\/wp-json\/wp\/v2\/product_tag?post=141"}],"curies":[{"name":"wp","href":"https:\/\/api.w.org\/{rel}","templated":true}]}}